{"id":984,"date":"2021-09-01T08:22:53","date_gmt":"2021-09-01T08:22:53","guid":{"rendered":"https:\/\/www.bebot.pt\/bebot\/?page_id=984"},"modified":"2021-09-01T08:22:53","modified_gmt":"2021-09-01T08:22:53","slug":"maravilha","status":"publish","type":"page","link":"https:\/\/www.bebot.pt\/bebot\/index.php\/maravilha\/","title":{"rendered":"Maravilha"},"content":{"rendered":"\n<figure class=\"wp-block-image size-full\"><img loading=\"lazy\" decoding=\"async\" width=\"800\" height=\"970\" src=\"https:\/\/www.bebot.pt\/bebot\/wp-content\/uploads\/2021\/09\/maravilha_docas_pic.jpg\" alt=\"\" class=\"wp-image-985\" srcset=\"https:\/\/www.bebot.pt\/bebot\/wp-content\/uploads\/2021\/09\/maravilha_docas_pic.jpg 800w, https:\/\/www.bebot.pt\/bebot\/wp-content\/uploads\/2021\/09\/maravilha_docas_pic-247x300.jpg 247w, https:\/\/www.bebot.pt\/bebot\/wp-content\/uploads\/2021\/09\/maravilha_docas_pic-768x931.jpg 768w\" sizes=\"auto, (max-width: 800px) 100vw, 800px\" \/><figcaption><gwmw style=\"display:none;\"><\/figcaption><\/figure>\n\n\n\n<p>Criada por Leonel Moura em 2015 para um evento da Comiss\u00e3o Europeia em Lisboa, a escultura Maravilha, com 5 metros de altura, foi realizada em 300 partes fabricadas em impress\u00e3o 3D. Em 2021 foi restaurada, revestida com resina e verniz para garantir maior durabilidade e colocada na Doca de Santo Amaro (Docas), no exterior do restaurante Contra.<br>A escultura representa uma mulher policromada de bra\u00e7os abertos, numa posi\u00e7\u00e3o t\u00edpica da apresenta\u00e7\u00e3o na Internet dos modelos 3D, suscitando m\u00faltiplas interpreta\u00e7\u00f5es. Desde que foi apresentada ao p\u00fablico alcan\u00e7ou um significativo interesse geral, tanto nacional como internacional, sendo destacada, entre muitas outras publica\u00e7\u00f5es, no New York Times, tendo-se tornado numa refer\u00eancia visual da cidade de Lisboa.<\/p>\n\n\n\n<p>Maravilha \u00e9 uma obra de arte e pode surpreender a sua coloca\u00e7\u00e3o num espa\u00e7o dedicado \u00e0 restaura\u00e7\u00e3o e divertimento. No entanto, esta combina\u00e7\u00e3o foi frequente nos anos 60 e 70, bastando recordar o V\u00e1-v\u00e1 com a obra de Menez, a pastelaria Mexicana, com pain\u00e9is de Querubim Lapa, ou a Brasileira que sempre teve em exposi\u00e7\u00e3o obras dos artistas que a frequentavam e tem \u00e0 porta a escultura de Fernando Pessoa de Lagoa Henriques.<\/p>\n\n\n\n<p>Leonel Moura \u00e9 um artista pioneiro na aplica\u00e7\u00e3o na arte das tecnologias digitais, nomeadamente rob\u00f3tica, IA, 3D e Realidade Aumentada.<gwmw style=\"display:none;\"><\/p>\n","protected":false},"excerpt":{"rendered":"<p>Criada por Leonel Moura em 2015 para um evento da Comiss\u00e3o Europeia em Lisboa, a escultura Maravilha, com 5 metros de altura, foi realizada em 300 partes fabricadas em impress\u00e3o 3D. Em 2021 foi restaurada, revestida com resina e verniz para garantir maior durabilidade e colocada na Doca de Santo Amaro (Docas), no exterior do [&hellip;]<\/p>\n","protected":false},"author":1,"featured_media":0,"parent":0,"menu_order":0,"comment_status":"closed","ping_status":"closed","template":"","meta":{"footnotes":""},"class_list":["post-984","page","type-page","status-publish","hentry"],"_links":{"self":[{"href":"https:\/\/www.bebot.pt\/bebot\/index.php\/wp-json\/wp\/v2\/pages\/984","targetHints":{"allow":["GET"]}}],"collection":[{"href":"https:\/\/www.bebot.pt\/bebot\/index.php\/wp-json\/wp\/v2\/pages"}],"about":[{"href":"https:\/\/www.bebot.pt\/bebot\/index.php\/wp-json\/wp\/v2\/types\/page"}],"author":[{"embeddable":true,"href":"https:\/\/www.bebot.pt\/bebot\/index.php\/wp-json\/wp\/v2\/users\/1"}],"replies":[{"embeddable":true,"href":"https:\/\/www.bebot.pt\/bebot\/index.php\/wp-json\/wp\/v2\/comments?post=984"}],"version-history":[{"count":1,"href":"https:\/\/www.bebot.pt\/bebot\/index.php\/wp-json\/wp\/v2\/pages\/984\/revisions"}],"predecessor-version":[{"id":986,"href":"https:\/\/www.bebot.pt\/bebot\/index.php\/wp-json\/wp\/v2\/pages\/984\/revisions\/986"}],"wp:attachment":[{"href":"https:\/\/www.bebot.pt\/bebot\/index.php\/wp-json\/wp\/v2\/media?parent=984"}],"curies":[{"name":"wp","href":"https:\/\/api.w.org\/{rel}","templated":true}]}}