{"id":979,"date":"2021-06-30T08:23:50","date_gmt":"2021-06-30T08:23:50","guid":{"rendered":"https:\/\/www.bebot.pt\/bebot\/?page_id=979"},"modified":"2021-09-05T07:48:43","modified_gmt":"2021-09-05T07:48:43","slug":"nft","status":"publish","type":"page","link":"https:\/\/www.bebot.pt\/bebot\/index.php\/nft\/","title":{"rendered":"NFT"},"content":{"rendered":"\n<p>V\u00e1rias obras digitais, algumas acompanhadas com vers\u00e3o f\u00edsica, oferecidas como NFT no <a rel=\"noreferrer noopener\" href=\"https:\/\/opensea.io\/assets\/leonel-moura\" target=\"_blank\">OpenSea<\/a><\/p>\n\n\n\n<div class=\"wp-block-image\"><figure class=\"aligncenter size-large\"><img loading=\"lazy\" decoding=\"async\" width=\"800\" height=\"800\" src=\"https:\/\/www.bebot.pt\/bebot\/wp-content\/uploads\/2021\/06\/machine_beauty_II_pic.jpg\" alt=\"\" class=\"wp-image-980\" srcset=\"https:\/\/www.bebot.pt\/bebot\/wp-content\/uploads\/2021\/06\/machine_beauty_II_pic.jpg 800w, https:\/\/www.bebot.pt\/bebot\/wp-content\/uploads\/2021\/06\/machine_beauty_II_pic-300x300.jpg 300w, https:\/\/www.bebot.pt\/bebot\/wp-content\/uploads\/2021\/06\/machine_beauty_II_pic-150x150.jpg 150w, https:\/\/www.bebot.pt\/bebot\/wp-content\/uploads\/2021\/06\/machine_beauty_II_pic-768x768.jpg 768w\" sizes=\"auto, (max-width: 800px) 100vw, 800px\" \/><figcaption>Machine Beauty, obra realizada com um algoritmo de intelig\u00eancia artificial.<br>NFT com vers\u00e3o f\u00edsica.<\/figcaption><\/figure><\/div>\n\n\n\n<figure class=\"wp-block-image size-large\"><img loading=\"lazy\" decoding=\"async\" width=\"800\" height=\"1200\" src=\"https:\/\/www.bebot.pt\/bebot\/wp-content\/uploads\/2021\/09\/LM_007-800x1200.jpg\" alt=\"\" class=\"wp-image-989\" srcset=\"https:\/\/www.bebot.pt\/bebot\/wp-content\/uploads\/2021\/09\/LM_007-800x1200.jpg 800w, https:\/\/www.bebot.pt\/bebot\/wp-content\/uploads\/2021\/09\/LM_007-200x300.jpg 200w, https:\/\/www.bebot.pt\/bebot\/wp-content\/uploads\/2021\/09\/LM_007-768x1152.jpg 768w, https:\/\/www.bebot.pt\/bebot\/wp-content\/uploads\/2021\/09\/LM_007-1024x1536.jpg 1024w, https:\/\/www.bebot.pt\/bebot\/wp-content\/uploads\/2021\/09\/LM_007-1200x1800.jpg 1200w, https:\/\/www.bebot.pt\/bebot\/wp-content\/uploads\/2021\/09\/LM_007.jpg 1280w\" sizes=\"auto, (max-width: 800px) 100vw, 800px\" \/><figcaption>Digital flower 007<\/figcaption><\/figure>\n","protected":false},"excerpt":{"rendered":"<p>V\u00e1rias obras digitais, algumas acompanhadas com vers\u00e3o f\u00edsica, oferecidas como NFT no OpenSea<\/p>\n","protected":false},"author":1,"featured_media":0,"parent":0,"menu_order":0,"comment_status":"closed","ping_status":"closed","template":"","meta":{"footnotes":""},"class_list":["post-979","page","type-page","status-publish","hentry"],"_links":{"self":[{"href":"https:\/\/www.bebot.pt\/bebot\/index.php\/wp-json\/wp\/v2\/pages\/979","targetHints":{"allow":["GET"]}}],"collection":[{"href":"https:\/\/www.bebot.pt\/bebot\/index.php\/wp-json\/wp\/v2\/pages"}],"about":[{"href":"https:\/\/www.bebot.pt\/bebot\/index.php\/wp-json\/wp\/v2\/types\/page"}],"author":[{"embeddable":true,"href":"https:\/\/www.bebot.pt\/bebot\/index.php\/wp-json\/wp\/v2\/users\/1"}],"replies":[{"embeddable":true,"href":"https:\/\/www.bebot.pt\/bebot\/index.php\/wp-json\/wp\/v2\/comments?post=979"}],"version-history":[{"count":3,"href":"https:\/\/www.bebot.pt\/bebot\/index.php\/wp-json\/wp\/v2\/pages\/979\/revisions"}],"predecessor-version":[{"id":990,"href":"https:\/\/www.bebot.pt\/bebot\/index.php\/wp-json\/wp\/v2\/pages\/979\/revisions\/990"}],"wp:attachment":[{"href":"https:\/\/www.bebot.pt\/bebot\/index.php\/wp-json\/wp\/v2\/media?parent=979"}],"curies":[{"name":"wp","href":"https:\/\/api.w.org\/{rel}","templated":true}]}}