{"id":728,"date":"2020-05-30T07:07:19","date_gmt":"2020-05-30T07:07:19","guid":{"rendered":"http:\/\/www.bebot.pt\/bebot\/?page_id=728"},"modified":"2020-05-30T07:07:19","modified_gmt":"2020-05-30T07:07:19","slug":"museu","status":"publish","type":"page","link":"https:\/\/www.bebot.pt\/bebot\/index.php\/museu\/","title":{"rendered":"Museu"},"content":{"rendered":"\n<p>A Associa\u00e7\u00e3o Bebot desenvolveu o projeto Moura Museum que pode ser visitado aqui:<br><a rel=\"noreferrer noopener\" href=\"http:\/\/www.leonelmoura.com\/index.htm\" target=\"_blank\">link<\/a><br>Nas pr\u00f3ximas semanas o Museu ser\u00e1 ampliado, melhorado e ter\u00e1 mais informa\u00e7\u00e3o.<\/p>\n\n\n\n<figure class=\"wp-block-image size-large\"><img loading=\"lazy\" decoding=\"async\" width=\"1600\" height=\"643\" src=\"http:\/\/www.bebot.pt\/bebot\/wp-content\/uploads\/2020\/05\/MM_entrada.jpg\" alt=\"\" class=\"wp-image-729\" srcset=\"https:\/\/www.bebot.pt\/bebot\/wp-content\/uploads\/2020\/05\/MM_entrada.jpg 1600w, https:\/\/www.bebot.pt\/bebot\/wp-content\/uploads\/2020\/05\/MM_entrada-300x121.jpg 300w, https:\/\/www.bebot.pt\/bebot\/wp-content\/uploads\/2020\/05\/MM_entrada-768x309.jpg 768w, https:\/\/www.bebot.pt\/bebot\/wp-content\/uploads\/2020\/05\/MM_entrada-1536x617.jpg 1536w\" sizes=\"auto, (max-width: 1600px) 100vw, 1600px\" \/><figcaption>A entrada do Museu<\/figcaption><\/figure>\n","protected":false},"excerpt":{"rendered":"<p>A Associa\u00e7\u00e3o Bebot desenvolveu o projeto Moura Museum que pode ser visitado aqui:linkNas pr\u00f3ximas semanas o Museu ser\u00e1 ampliado, melhorado e ter\u00e1 mais informa\u00e7\u00e3o.<\/p>\n","protected":false},"author":1,"featured_media":0,"parent":0,"menu_order":0,"comment_status":"closed","ping_status":"closed","template":"","meta":{"footnotes":""},"class_list":["post-728","page","type-page","status-publish","hentry"],"_links":{"self":[{"href":"https:\/\/www.bebot.pt\/bebot\/index.php\/wp-json\/wp\/v2\/pages\/728","targetHints":{"allow":["GET"]}}],"collection":[{"href":"https:\/\/www.bebot.pt\/bebot\/index.php\/wp-json\/wp\/v2\/pages"}],"about":[{"href":"https:\/\/www.bebot.pt\/bebot\/index.php\/wp-json\/wp\/v2\/types\/page"}],"author":[{"embeddable":true,"href":"https:\/\/www.bebot.pt\/bebot\/index.php\/wp-json\/wp\/v2\/users\/1"}],"replies":[{"embeddable":true,"href":"https:\/\/www.bebot.pt\/bebot\/index.php\/wp-json\/wp\/v2\/comments?post=728"}],"version-history":[{"count":1,"href":"https:\/\/www.bebot.pt\/bebot\/index.php\/wp-json\/wp\/v2\/pages\/728\/revisions"}],"predecessor-version":[{"id":730,"href":"https:\/\/www.bebot.pt\/bebot\/index.php\/wp-json\/wp\/v2\/pages\/728\/revisions\/730"}],"wp:attachment":[{"href":"https:\/\/www.bebot.pt\/bebot\/index.php\/wp-json\/wp\/v2\/media?parent=728"}],"curies":[{"name":"wp","href":"https:\/\/api.w.org\/{rel}","templated":true}]}}