{"id":631,"date":"2019-07-15T07:39:48","date_gmt":"2019-07-15T07:39:48","guid":{"rendered":"http:\/\/www.bebot.pt\/bebot\/?page_id=631"},"modified":"2020-04-15T08:05:34","modified_gmt":"2020-04-15T08:05:34","slug":"viral","status":"publish","type":"page","link":"https:\/\/www.bebot.pt\/bebot\/index.php\/viral\/","title":{"rendered":"Viral"},"content":{"rendered":"<p><img loading=\"lazy\" decoding=\"async\" class=\"alignnone size-medium wp-image-634\" src=\"http:\/\/www.bebot.pt\/bebot\/wp-content\/uploads\/2019\/07\/viral-300x165.png\" alt=\"\" width=\"300\" height=\"165\" srcset=\"https:\/\/www.bebot.pt\/bebot\/wp-content\/uploads\/2019\/07\/viral-300x165.png 300w, https:\/\/www.bebot.pt\/bebot\/wp-content\/uploads\/2019\/07\/viral-768x423.png 768w, https:\/\/www.bebot.pt\/bebot\/wp-content\/uploads\/2019\/07\/viral.png 800w\" sizes=\"auto, (max-width: 300px) 100vw, 300px\" \/><\/p>\n<p><strong>Lisboa Viral, 2019<\/strong><\/p>\n<p>17 v\u00edrus invadem Lisboa. Mas n\u00e3o causam gripe. S\u00e3o obras de Arte Aumentada criadas pelo artista Leonel Moura com implementa\u00e7\u00e3o da NextReality.<\/p>\n<p>Nesta exposi\u00e7\u00e3o pioneira, e premonit\u00f3ria, a cidade transforma-se na grande tela da express\u00e3o art\u00edstica do futuro. A virose \u00e9 tecnol\u00f3gica e o seu efeito nas pessoas ambivalente. Causam, em simult\u00e2neo, fasc\u00ednio e medo pelo que anunciam. Estes v\u00edrus s\u00e3o esculturas artificiais, mas tamb\u00e9m s\u00edmbolos da transforma\u00e7\u00e3o da cidade e, em geral, das aceleradas mudan\u00e7as que se t\u00eam vindo a operar na cultura e na civiliza\u00e7\u00e3o humana.<\/p>\n<p>Os 17 v\u00edrus est\u00e3o espalhados por Lisboa e, tamb\u00e9m, por Sintra, Cascais, Ericeira, Sesimbra e Mafra. S\u00e3o estacion\u00e1rios, podendo ser observados de qualquer ponto de vista, registados em fotos e v\u00eddeos e partilhados nas redes sociais.<\/p>\n<p>A aplica\u00e7\u00e3o \u201cLisboa Viral\u201d pode ser descarregada gratuitamente no <em>Google Play<\/em> ou na <em>Apple Store.<\/em><\/p>\n\n\n<figure class=\"wp-block-image\"><img loading=\"lazy\" decoding=\"async\" width=\"733\" height=\"1200\" src=\"http:\/\/www.bebot.pt\/bebot\/wp-content\/uploads\/2020\/04\/belem_capa-733x1200.png\" alt=\"\" class=\"wp-image-646\" srcset=\"https:\/\/www.bebot.pt\/bebot\/wp-content\/uploads\/2020\/04\/belem_capa-733x1200.png 733w, https:\/\/www.bebot.pt\/bebot\/wp-content\/uploads\/2020\/04\/belem_capa-183x300.png 183w, https:\/\/www.bebot.pt\/bebot\/wp-content\/uploads\/2020\/04\/belem_capa-768x1257.png 768w, https:\/\/www.bebot.pt\/bebot\/wp-content\/uploads\/2020\/04\/belem_capa.png 830w\" sizes=\"auto, (max-width: 733px) 100vw, 733px\" \/><figcaption>V\u00edrus junto \u00e0 Torre de Bel\u00e9m<\/figcaption><\/figure>\n\n\n\n<div class=\"wp-block-image\"><figure class=\"aligncenter\"><img loading=\"lazy\" decoding=\"async\" width=\"488\" height=\"1057\" src=\"http:\/\/www.bebot.pt\/bebot\/wp-content\/uploads\/2020\/04\/chiado.png\" alt=\"\" class=\"wp-image-647\" srcset=\"https:\/\/www.bebot.pt\/bebot\/wp-content\/uploads\/2020\/04\/chiado.png 488w, https:\/\/www.bebot.pt\/bebot\/wp-content\/uploads\/2020\/04\/chiado-139x300.png 139w\" sizes=\"auto, (max-width: 488px) 100vw, 488px\" \/><figcaption>Chiado<\/figcaption><\/figure><\/div>\n","protected":false},"excerpt":{"rendered":"<p>Lisboa Viral, 2019 17 v\u00edrus invadem Lisboa. Mas n\u00e3o causam gripe. S\u00e3o obras de Arte Aumentada criadas pelo artista Leonel Moura com implementa\u00e7\u00e3o da NextReality. Nesta exposi\u00e7\u00e3o pioneira, e premonit\u00f3ria, a cidade transforma-se na grande tela da express\u00e3o art\u00edstica do futuro. A virose \u00e9 tecnol\u00f3gica e o seu efeito nas pessoas ambivalente. Causam, em simult\u00e2neo, [&hellip;]<\/p>\n","protected":false},"author":1,"featured_media":0,"parent":0,"menu_order":0,"comment_status":"closed","ping_status":"closed","template":"","meta":{"footnotes":""},"class_list":["post-631","page","type-page","status-publish","hentry"],"_links":{"self":[{"href":"https:\/\/www.bebot.pt\/bebot\/index.php\/wp-json\/wp\/v2\/pages\/631","targetHints":{"allow":["GET"]}}],"collection":[{"href":"https:\/\/www.bebot.pt\/bebot\/index.php\/wp-json\/wp\/v2\/pages"}],"about":[{"href":"https:\/\/www.bebot.pt\/bebot\/index.php\/wp-json\/wp\/v2\/types\/page"}],"author":[{"embeddable":true,"href":"https:\/\/www.bebot.pt\/bebot\/index.php\/wp-json\/wp\/v2\/users\/1"}],"replies":[{"embeddable":true,"href":"https:\/\/www.bebot.pt\/bebot\/index.php\/wp-json\/wp\/v2\/comments?post=631"}],"version-history":[{"count":6,"href":"https:\/\/www.bebot.pt\/bebot\/index.php\/wp-json\/wp\/v2\/pages\/631\/revisions"}],"predecessor-version":[{"id":651,"href":"https:\/\/www.bebot.pt\/bebot\/index.php\/wp-json\/wp\/v2\/pages\/631\/revisions\/651"}],"wp:attachment":[{"href":"https:\/\/www.bebot.pt\/bebot\/index.php\/wp-json\/wp\/v2\/media?parent=631"}],"curies":[{"name":"wp","href":"https:\/\/api.w.org\/{rel}","templated":true}]}}