{"id":609,"date":"2019-03-08T09:11:32","date_gmt":"2019-03-08T09:11:32","guid":{"rendered":"http:\/\/www.bebot.pt\/bebot\/?page_id=609"},"modified":"2019-04-10T07:59:13","modified_gmt":"2019-04-10T07:59:13","slug":"voxel","status":"publish","type":"page","link":"https:\/\/www.bebot.pt\/bebot\/index.php\/voxel\/","title":{"rendered":"Voxel"},"content":{"rendered":"<p><img loading=\"lazy\" decoding=\"async\" class=\"alignnone size-medium wp-image-614\" src=\"http:\/\/www.bebot.pt\/bebot\/wp-content\/uploads\/2019\/03\/voxel_002-300x300.jpg\" alt=\"\" width=\"300\" height=\"300\" srcset=\"https:\/\/www.bebot.pt\/bebot\/wp-content\/uploads\/2019\/03\/voxel_002-300x300.jpg 300w, https:\/\/www.bebot.pt\/bebot\/wp-content\/uploads\/2019\/03\/voxel_002-150x150.jpg 150w, https:\/\/www.bebot.pt\/bebot\/wp-content\/uploads\/2019\/03\/voxel_002-768x768.jpg 768w, https:\/\/www.bebot.pt\/bebot\/wp-content\/uploads\/2019\/03\/voxel_002-370x370.jpg 370w, https:\/\/www.bebot.pt\/bebot\/wp-content\/uploads\/2019\/03\/voxel_002.jpg 800w\" sizes=\"auto, (max-width: 300px) 100vw, 300px\" \/><\/p>\n<p>Serigrafia com Realidade Aumentada do artista Leonel Moura (powered by NextReality)<\/p>\n<p>Com a serigrafia \u00e9 fornecida uma APP e uma password (Google Play ou App Store)<\/p>\n<p><iframe loading=\"lazy\" title=\"Voxel by Leonel Moura\" width=\"580\" height=\"326\" src=\"https:\/\/www.youtube.com\/embed\/qcqh6s4LLFg?feature=oembed\" frameborder=\"0\" allow=\"accelerometer; autoplay; clipboard-write; encrypted-media; gyroscope; picture-in-picture; web-share\" referrerpolicy=\"strict-origin-when-cross-origin\" allowfullscreen><\/iframe><\/p>\n<p>Papel 56 x 50 cm, mancha 40 x 40 cm<\/p>\n<p>Edi\u00e7\u00e3o CPS de 60 exemplares, numerada e assinada pelo artista<\/p>\n<p>A Associa\u00e7\u00e3o Bebot tem 10 exemplares para venda a 450 euros, incluindo envio para Portugal continental<\/p>\n<p>Pedidos e informa\u00e7\u00f5es para bebot (arroba) bebot.pt<\/p>\n<p>&nbsp;<\/p>\n","protected":false},"excerpt":{"rendered":"<p>Serigrafia com Realidade Aumentada do artista Leonel Moura (powered by NextReality) Com a serigrafia \u00e9 fornecida uma APP e uma password (Google Play ou App Store) Papel 56 x 50 cm, mancha 40 x 40 cm Edi\u00e7\u00e3o CPS de 60 exemplares, numerada e assinada pelo artista A Associa\u00e7\u00e3o Bebot tem 10 exemplares para venda a [&hellip;]<\/p>\n","protected":false},"author":1,"featured_media":0,"parent":0,"menu_order":0,"comment_status":"closed","ping_status":"closed","template":"","meta":{"footnotes":""},"class_list":["post-609","page","type-page","status-publish","hentry"],"_links":{"self":[{"href":"https:\/\/www.bebot.pt\/bebot\/index.php\/wp-json\/wp\/v2\/pages\/609","targetHints":{"allow":["GET"]}}],"collection":[{"href":"https:\/\/www.bebot.pt\/bebot\/index.php\/wp-json\/wp\/v2\/pages"}],"about":[{"href":"https:\/\/www.bebot.pt\/bebot\/index.php\/wp-json\/wp\/v2\/types\/page"}],"author":[{"embeddable":true,"href":"https:\/\/www.bebot.pt\/bebot\/index.php\/wp-json\/wp\/v2\/users\/1"}],"replies":[{"embeddable":true,"href":"https:\/\/www.bebot.pt\/bebot\/index.php\/wp-json\/wp\/v2\/comments?post=609"}],"version-history":[{"count":6,"href":"https:\/\/www.bebot.pt\/bebot\/index.php\/wp-json\/wp\/v2\/pages\/609\/revisions"}],"predecessor-version":[{"id":620,"href":"https:\/\/www.bebot.pt\/bebot\/index.php\/wp-json\/wp\/v2\/pages\/609\/revisions\/620"}],"wp:attachment":[{"href":"https:\/\/www.bebot.pt\/bebot\/index.php\/wp-json\/wp\/v2\/media?parent=609"}],"curies":[{"name":"wp","href":"https:\/\/api.w.org\/{rel}","templated":true}]}}