{"id":259,"date":"2018-09-07T07:32:40","date_gmt":"2018-09-07T07:32:40","guid":{"rendered":"http:\/\/www.bebot.pt\/bebot\/?page_id=259"},"modified":"2018-11-07T09:16:59","modified_gmt":"2018-11-07T09:16:59","slug":"panoramas","status":"publish","type":"page","link":"https:\/\/www.bebot.pt\/bebot\/index.php\/panoramas\/","title":{"rendered":"Panoramas"},"content":{"rendered":"<p>Aguarde que carregue os panoramas e de seguida mova as imagens com o rato<\/p>\n<p>Lisboa, Gare do Oriente\n    <iframe loading=\"lazy\" width=\"640\" height=\"360\" scrolling=\"no\" allowfullscreen src=\"https:\/\/www.bebot.pt\/bebot\/wp-content\/plugins\/wp-vr-view\/asset\/index.html?image=http:\/\/www.bebot.pt\/bebot\/wp-content\/uploads\/2018\/09\/Lisboa.jpg&is_stereo=false\"><\/iframe>\n\n  <\/p>\n<p>Sintra, Volta do Duche\n    <iframe loading=\"lazy\" width=\"640\" height=\"360\" scrolling=\"no\" allowfullscreen src=\"https:\/\/www.bebot.pt\/bebot\/wp-content\/plugins\/wp-vr-view\/asset\/index.html?image=http:\/\/www.bebot.pt\/bebot\/wp-content\/uploads\/2018\/09\/Sintra.jpg&is_stereo=false\"><\/iframe>\n\n  <\/p>\n<p>Cascais, Praia dos Pescadores\n    <iframe loading=\"lazy\" width=\"640\" height=\"360\" scrolling=\"no\" allowfullscreen src=\"https:\/\/www.bebot.pt\/bebot\/wp-content\/plugins\/wp-vr-view\/asset\/index.html?image=http:\/\/www.bebot.pt\/bebot\/wp-content\/uploads\/2018\/09\/Cascais.jpg&is_stereo=false\"><\/iframe>\n\n  <\/p>\n<p>Guimar\u00e3es, Pa\u00e7o dos Duques\n    <iframe loading=\"lazy\" width=\"640\" height=\"360\" scrolling=\"no\" allowfullscreen src=\"https:\/\/www.bebot.pt\/bebot\/wp-content\/plugins\/wp-vr-view\/asset\/index.html?image=http:\/\/www.bebot.pt\/bebot\/wp-content\/uploads\/2018\/09\/Guimaraes.jpg&is_stereo=false\"><\/iframe>\n\n  <\/p>\n<p>Porto, Rua da Assun\u00e7\u00e3o\n    <iframe loading=\"lazy\" width=\"640\" height=\"360\" scrolling=\"no\" allowfullscreen src=\"https:\/\/www.bebot.pt\/bebot\/wp-content\/plugins\/wp-vr-view\/asset\/index.html?image=http:\/\/www.bebot.pt\/bebot\/wp-content\/uploads\/2018\/09\/Porto.jpg&is_stereo=false\"><\/iframe>\n\n  <\/p>\n<p>Barreiro, Passeio Augusto Cabrita\n    <iframe loading=\"lazy\" width=\"640\" height=\"360\" scrolling=\"no\" allowfullscreen src=\"https:\/\/www.bebot.pt\/bebot\/wp-content\/plugins\/wp-vr-view\/asset\/index.html?image=http:\/\/www.bebot.pt\/bebot\/wp-content\/uploads\/2018\/09\/Barreiro.jpg&is_stereo=false\"><\/iframe>\n\n  <\/p>\n<p>Coimbra, Escadas Monumentais\n    <iframe loading=\"lazy\" width=\"640\" height=\"360\" scrolling=\"no\" allowfullscreen src=\"https:\/\/www.bebot.pt\/bebot\/wp-content\/plugins\/wp-vr-view\/asset\/index.html?image=http:\/\/www.bebot.pt\/bebot\/wp-content\/uploads\/2018\/09\/Coimbra.jpg&is_stereo=false\"><\/iframe>\n\n  <\/p>\n<p>Almada, Boca do Vento\n    <iframe loading=\"lazy\" width=\"640\" height=\"360\" scrolling=\"no\" allowfullscreen src=\"https:\/\/www.bebot.pt\/bebot\/wp-content\/plugins\/wp-vr-view\/asset\/index.html?image=http:\/\/www.bebot.pt\/bebot\/wp-content\/uploads\/2018\/09\/Almada.jpg&is_stereo=false\"><\/iframe>\n\n  <\/p>\n<p>Ponte criada por Leonel Moura em Ponte de Sor\n    <iframe loading=\"lazy\" width=\"640\" height=\"360\" scrolling=\"no\" allowfullscreen src=\"https:\/\/www.bebot.pt\/bebot\/wp-content\/plugins\/wp-vr-view\/asset\/index.html?image=http:\/\/www.bebot.pt\/bebot\/wp-content\/uploads\/2018\/08\/Ponte-de-Sor.jpg&is_stereo=false\"><\/iframe>\n\n  <\/p>\n","protected":false},"excerpt":{"rendered":"<p>Aguarde que carregue os panoramas e de seguida mova as imagens com o rato Lisboa, Gare do Oriente Sintra, Volta do Duche Cascais, Praia dos Pescadores Guimar\u00e3es, Pa\u00e7o dos Duques Porto, Rua da Assun\u00e7\u00e3o Barreiro, Passeio Augusto Cabrita Coimbra, Escadas Monumentais Almada, Boca do Vento Ponte criada por Leonel Moura em Ponte de Sor<\/p>\n","protected":false},"author":1,"featured_media":0,"parent":0,"menu_order":0,"comment_status":"closed","ping_status":"closed","template":"","meta":{"footnotes":""},"class_list":["post-259","page","type-page","status-publish","hentry"],"_links":{"self":[{"href":"https:\/\/www.bebot.pt\/bebot\/index.php\/wp-json\/wp\/v2\/pages\/259","targetHints":{"allow":["GET"]}}],"collection":[{"href":"https:\/\/www.bebot.pt\/bebot\/index.php\/wp-json\/wp\/v2\/pages"}],"about":[{"href":"https:\/\/www.bebot.pt\/bebot\/index.php\/wp-json\/wp\/v2\/types\/page"}],"author":[{"embeddable":true,"href":"https:\/\/www.bebot.pt\/bebot\/index.php\/wp-json\/wp\/v2\/users\/1"}],"replies":[{"embeddable":true,"href":"https:\/\/www.bebot.pt\/bebot\/index.php\/wp-json\/wp\/v2\/comments?post=259"}],"version-history":[{"count":38,"href":"https:\/\/www.bebot.pt\/bebot\/index.php\/wp-json\/wp\/v2\/pages\/259\/revisions"}],"predecessor-version":[{"id":380,"href":"https:\/\/www.bebot.pt\/bebot\/index.php\/wp-json\/wp\/v2\/pages\/259\/revisions\/380"}],"wp:attachment":[{"href":"https:\/\/www.bebot.pt\/bebot\/index.php\/wp-json\/wp\/v2\/media?parent=259"}],"curies":[{"name":"wp","href":"https:\/\/api.w.org\/{rel}","templated":true}]}}