{"id":1291,"date":"2025-12-04T08:02:53","date_gmt":"2025-12-04T08:02:53","guid":{"rendered":"https:\/\/www.bebot.pt\/bebot\/?page_id=1291"},"modified":"2025-12-04T09:36:39","modified_gmt":"2025-12-04T09:36:39","slug":"livros","status":"publish","type":"page","link":"https:\/\/www.bebot.pt\/bebot\/index.php\/livros\/","title":{"rendered":"Livros"},"content":{"rendered":"\n<style>\n  @media (max-width: 800px) {\n    .livros-table,\n    .livros-table tr,\n    .livros-table td {\n      display: block;\n      width: 100% !important;\n    }\n\n    .livros-table td {\n      padding: 20px 10px;\n    }\n\n    .livros-table img {\n      width: 70% !important;\n    }\n\n    .livros-table span[style*=\"font-size:1.4rem\"] {\n      font-size: 1.2rem !important;\n    }\n  }\n<\/style>\n\n<table class=\"livros-table\" style=\"width:100%; max-width:1500px; text-align:center;\">\n  <tr>\n\n    <!-- LIVRO 1 -->\n    <td style=\"padding:20px;\">\n      <img decoding=\"async\"\n        src=\"http:\/\/www.bebot.pt\/bebot\/wp-content\/uploads\/2025\/12\/capa01.jpg\"\n        alt=\"Livro 1\"\n        style=\"width:60%; display:block; margin:0 auto;\"\n      >\n      <br>\n      <strong>Como sobreviver \u00e0 Intelig\u00eancia Artificial: e evoluir com ela<\/strong><br>\n      <span style=\"font-size:1.4rem; color:#555;\">\n        Leonel Moura oferece uma vis\u00e3o l\u00facida, pr\u00e1tica e cr\u00edtica sobre o papel crescente da Intelig\u00eancia Artificial na sociedade contempor\u00e2nea. Longe de alarmismos ou tecnofilia cega, trata-se de um guia acess\u00edvel para compreender o que \u00e9 a IA, como funciona, como est\u00e1 a transformar a criatividade, o trabalho, a sa\u00fade mental, a democracia e a nossa pr\u00f3pria ideia de intelig\u00eancia.\n      <\/span><br><br>\n      <a href=\"https:\/\/amzn.eu\/d\/eKAeGom\" target=\"_blank\">Comprar na Amazon<\/a>\n    <\/td>\n\n    <!-- LIVRO 2 -->\n    <td style=\"padding:20px;\">\n      <img decoding=\"async\"\n        src=\"http:\/\/www.bebot.pt\/bebot\/wp-content\/uploads\/2025\/12\/capa02.jpg\"\n        alt=\"Livro 2\"\n        style=\"width:60%; display:block; margin:0 auto;\"\n      >\n      <br>\n      <strong>GUERRA \u2014 A Arte da Corrup\u00e7\u00e3o na Europa<\/strong><br>\n      <span style=\"font-size:1.4rem; color:#555;\">\n        Um romance policial para a era da p\u00f3s-verdade. Um narrador \u00e9 arrastado para uma teia de corrup\u00e7\u00e3o, guerra e falsifica\u00e7\u00e3o de arte que atravessa Lisboa, Paris, Bruxelas e Kiev. No centro da intriga est\u00e1 a M\u00e1quina ZX, uma intelig\u00eancia artificial brilhante e impass\u00edvel, capaz de desvendar aquilo que todos preferem ignorar.\n      <\/span><br><br>\n      <a href=\"https:\/\/amzn.eu\/d\/6aCQZaF\" target=\"_blank\">Comprar na Amazon<\/a>\n    <\/td>\n\n    <!-- LIVRO 3 -->\n    <td style=\"padding:20px;\">\n      <img decoding=\"async\"\n        src=\"http:\/\/www.bebot.pt\/bebot\/wp-content\/uploads\/2025\/12\/capa03.jpg\"\n        alt=\"Livro 3\"\n        style=\"width:60%; display:block; margin:0 auto;\"\n      >\n      <br>\n      <strong>Intelig\u00eancia Artificial &#038; Arte<\/strong><br>\n      <span style=\"font-size:1.4rem; color:#555;\">\n        A intelig\u00eancia artificial generativa chegou ao campo cultural provocando um enorme desassossego.\nS\u00e3o muitas as d\u00favidas e os temores. Pelo desemprego que provoca e pelo questionamento do conceito de arte que nos habitu\u00e1mos a considerar um exclusivo da humanidade.\n      <\/span><br><br>\n      <a href=\"https:\/\/amzn.eu\/d\/3iJ9wwP\" target=\"_blank\">Comprar na Amazon<\/a>\n    <\/td>\n\n  <\/tr>\n\n  <tr>\n\n    <!-- LIVRO 4 -->\n    <td style=\"padding:20px;\">\n      <img decoding=\"async\"\n        src=\"http:\/\/www.bebot.pt\/bebot\/wp-content\/uploads\/2025\/12\/capa04.jpg\"\n        alt=\"Livro 4\"\n        style=\"width:60%; display:block; margin:0 auto;\"\n      >\n      <br>\n      <strong>10 Manifestos da Arte<\/strong><br>\n      <span style=\"font-size:1.4rem; color:#555;\">\n        10 Manifestos, traduzidos para portugu\u00eas, para entender a arte do s\u00e9culo 20 e a do futuro.\n        Um livro que todos os aspirantes a artista, e n\u00e3o s\u00f3, devem ler.\n      <\/span><br><br>\n      <a href=\"https:\/\/amzn.eu\/d\/0RC3GEu\" target=\"_blank\">Comprar na Amazon<\/a>\n    <\/td>\n\n    <!-- LIVRO 5 -->\n    <td style=\"padding:20px;\">\n      <img decoding=\"async\"\n        src=\"http:\/\/www.bebot.pt\/bebot\/wp-content\/uploads\/2025\/12\/capa05.jpg\"\n        alt=\"Livro 5\"\n        style=\"width:60%; display:block; margin:0 auto;\"\n      >\n      <br>\n      <strong>Intelig\u00eancia Artificial na Cozinha: 59 receitas do ChatGPT <\/strong><br>\n      <span style=\"font-size:1.4rem; color:#555;\">\n        A Intelig\u00eancia Artificial invade, cada vez mais, aqueles campos que sempre consider\u00e1mos ser um exclusivo da cultura humana.\n        A arte \u00e9 um deles. Agora, tamb\u00e9m a gastronomia.\n        As receitas deste livro, inventadas pelo ChatGPT, s\u00e3o todas originais. N\u00e3o s\u00e3o c\u00f3pia, nem fantasia estapaf\u00fardia,\n        mas novas combina\u00e7\u00f5es f\u00e1ceis de realizar e testar. Bom apetite.\n      <\/span><br><br>\n      <a href=\"https:\/\/amzn.eu\/d\/daJnwvT\" target=\"_blank\">Comprar na Amazon<\/a>\n    <\/td>\n\n    <!-- LIVRO 6 -->\n    <td style=\"padding:20px;\">\n      <img decoding=\"async\"\n        src=\"http:\/\/www.bebot.pt\/bebot\/wp-content\/uploads\/2025\/12\/capa06.jpg\"\n        alt=\"Livro 6\"\n        style=\"width:60%; display:block; margin:0 auto;\"\n      >\n      <br>\n      <strong>Machine Talk: between Bard and ChatGPT (English)<\/strong><br>\n      <span style=\"font-size:1.4rem; color:#555;\">\n        I have curated five engaging dialogues between Bard and ChatGPT, on Philosophy, Art, Politics, Energy and Space, resulting in an extraordinary collection of thought-provoking discussions.\n        This is a book that everyone should read, as it provides a comprehensive understanding of the current state of AI, its capabilities, and its potential for shaping the future.\n      <\/span><br><br>\n      <a href=\"https:\/\/amzn.eu\/d\/dElJqtH\" target=\"_blank\">Comprar na Amazon<\/a>\n    <\/td>\n\n  <\/tr>\n<\/table>\n\n\n\n\n<p><\/p>\n","protected":false},"excerpt":{"rendered":"<p>Como sobreviver \u00e0 Intelig\u00eancia Artificial: e evoluir com ela Leonel Moura oferece uma vis\u00e3o l\u00facida, pr\u00e1tica e cr\u00edtica sobre o papel crescente da Intelig\u00eancia Artificial na sociedade contempor\u00e2nea. Longe de alarmismos ou tecnofilia cega, trata-se de um guia acess\u00edvel para compreender o que \u00e9 a IA, como funciona, como est\u00e1 a transformar a criatividade, o [&hellip;]<\/p>\n","protected":false},"author":1,"featured_media":0,"parent":0,"menu_order":0,"comment_status":"closed","ping_status":"closed","template":"","meta":{"footnotes":""},"class_list":["post-1291","page","type-page","status-publish","hentry"],"_links":{"self":[{"href":"https:\/\/www.bebot.pt\/bebot\/index.php\/wp-json\/wp\/v2\/pages\/1291","targetHints":{"allow":["GET"]}}],"collection":[{"href":"https:\/\/www.bebot.pt\/bebot\/index.php\/wp-json\/wp\/v2\/pages"}],"about":[{"href":"https:\/\/www.bebot.pt\/bebot\/index.php\/wp-json\/wp\/v2\/types\/page"}],"author":[{"embeddable":true,"href":"https:\/\/www.bebot.pt\/bebot\/index.php\/wp-json\/wp\/v2\/users\/1"}],"replies":[{"embeddable":true,"href":"https:\/\/www.bebot.pt\/bebot\/index.php\/wp-json\/wp\/v2\/comments?post=1291"}],"version-history":[{"count":38,"href":"https:\/\/www.bebot.pt\/bebot\/index.php\/wp-json\/wp\/v2\/pages\/1291\/revisions"}],"predecessor-version":[{"id":1341,"href":"https:\/\/www.bebot.pt\/bebot\/index.php\/wp-json\/wp\/v2\/pages\/1291\/revisions\/1341"}],"wp:attachment":[{"href":"https:\/\/www.bebot.pt\/bebot\/index.php\/wp-json\/wp\/v2\/media?parent=1291"}],"curies":[{"name":"wp","href":"https:\/\/api.w.org\/{rel}","templated":true}]}}