{"id":1141,"date":"2023-01-10T08:05:38","date_gmt":"2023-01-10T08:05:38","guid":{"rendered":"https:\/\/www.bebot.pt\/bebot\/?page_id=1141"},"modified":"2023-03-12T08:17:23","modified_gmt":"2023-03-12T08:17:23","slug":"abril-solar","status":"publish","type":"page","link":"https:\/\/www.bebot.pt\/bebot\/index.php\/abril-solar\/","title":{"rendered":"Abril Solar"},"content":{"rendered":"\n<figure class=\"wp-block-embed is-type-video is-provider-youtube wp-block-embed-youtube wp-embed-aspect-16-9 wp-has-aspect-ratio\"><div class=\"wp-block-embed__wrapper\">\n<iframe loading=\"lazy\" title=\"abril solar\" width=\"580\" height=\"326\" src=\"https:\/\/www.youtube.com\/embed\/BStIemiu0Qk?feature=oembed\" frameborder=\"0\" allow=\"accelerometer; autoplay; clipboard-write; encrypted-media; gyroscope; picture-in-picture; web-share\" referrerpolicy=\"strict-origin-when-cross-origin\" allowfullscreen><\/iframe>\n<\/div><figcaption class=\"wp-element-caption\">Um cravo com energia fotovoltaica<br>\u00a0<br>O artista Leonel Moura criou uma escultura na forma de um cravo no \u00e2mbito das comemora\u00e7\u00f5es dos 50 anos do 25 de Abril.<br>Um conjunto de pain\u00e9is fotovoltaicos, colocados no meio das folhas superiores, permite que o cravo detete a presen\u00e7a de pessoas, emita sons de natureza, tenha luz \u00e0 noite e uma tomada USB para carregar telem\u00f3veis.<br>O cravo tem 3 metros de altura e pesa cerca de 150 quilos.<br>\u00a0<br>Abril Solar liga o passado e o presente, a hist\u00f3ria e a energia.<br>\u00a0<br><\/figcaption><\/figure>\n","protected":false},"excerpt":{"rendered":"","protected":false},"author":1,"featured_media":0,"parent":0,"menu_order":0,"comment_status":"closed","ping_status":"closed","template":"","meta":{"footnotes":""},"class_list":["post-1141","page","type-page","status-publish","hentry"],"_links":{"self":[{"href":"https:\/\/www.bebot.pt\/bebot\/index.php\/wp-json\/wp\/v2\/pages\/1141","targetHints":{"allow":["GET"]}}],"collection":[{"href":"https:\/\/www.bebot.pt\/bebot\/index.php\/wp-json\/wp\/v2\/pages"}],"about":[{"href":"https:\/\/www.bebot.pt\/bebot\/index.php\/wp-json\/wp\/v2\/types\/page"}],"author":[{"embeddable":true,"href":"https:\/\/www.bebot.pt\/bebot\/index.php\/wp-json\/wp\/v2\/users\/1"}],"replies":[{"embeddable":true,"href":"https:\/\/www.bebot.pt\/bebot\/index.php\/wp-json\/wp\/v2\/comments?post=1141"}],"version-history":[{"count":2,"href":"https:\/\/www.bebot.pt\/bebot\/index.php\/wp-json\/wp\/v2\/pages\/1141\/revisions"}],"predecessor-version":[{"id":1210,"href":"https:\/\/www.bebot.pt\/bebot\/index.php\/wp-json\/wp\/v2\/pages\/1141\/revisions\/1210"}],"wp:attachment":[{"href":"https:\/\/www.bebot.pt\/bebot\/index.php\/wp-json\/wp\/v2\/media?parent=1141"}],"curies":[{"name":"wp","href":"https:\/\/api.w.org\/{rel}","templated":true}]}}